{"id":1407,"date":"2015-12-04T02:08:42","date_gmt":"2015-12-04T02:08:42","guid":{"rendered":"http:\/\/garpen.se\/wordpress\/aka-till-garpen\/"},"modified":"2025-03-11T15:32:11","modified_gmt":"2025-03-11T14:32:11","slug":"aka-till-garpen","status":"publish","type":"page","link":"https:\/\/garpen.se\/en\/aka-till-garpen\/","title":{"rendered":"Boat to Garpen"},"content":{"rendered":"<div class=\"fusion-fullwidth fullwidth-box fusion-builder-row-1 nonhundred-percent-fullwidth non-hundred-percent-height-scrolling fusion-equal-height-columns\" style=\"--awb-background-position:left top;--awb-border-sizes-top:0px;--awb-border-sizes-bottom:0px;--awb-border-sizes-left:0px;--awb-border-sizes-right:0px;--awb-border-radius-top-left:0px;--awb-border-radius-top-right:0px;--awb-border-radius-bottom-right:0px;--awb-border-radius-bottom-left:0px;--awb-padding-top:3%;--awb-padding-bottom:5%;--awb-flex-wrap:wrap;\" ><div class=\"fusion-builder-row fusion-row\"><div class=\"fusion-layout-column fusion_builder_column fusion-builder-column-0 fusion_builder_column_1_4 1_4 fusion-one-fourth fusion-column-first fusion-no-small-visibility\" style=\"--awb-bg-size:cover;width:25%;width:calc(25% - ( ( 4% ) * 0.25 ) );margin-right: 4%;\"><div class=\"fusion-column-wrapper fusion-flex-column-wrapper-legacy\"><div class=\"fusion-widget-area awb-widget-area-element fusion-widget-area-1 fusion-content-widget-area\" style=\"--awb-title-size:18px;--awb-title-color:#333333;--awb-padding:0px 0px 0px 0px;\"><div id=\"custom_html-7\" class=\"widget_text widget widget_custom_html\" style=\"border-style: solid;border-color:transparent;border-width:0px;\"><div class=\"heading\"><h4 class=\"widget-title\">Bed &#038; Breakfast<\/h4><\/div><div class=\"textwidget custom-html-widget\"><div class=\"fusion-align-block\"><a class=\"fusion-button button-flat fusion-button-default-size button-default fusion-button-default button-1 fusion-button-default-span fusion-button-default-type fusion-animated\" style=\"width:calc(100%);\" data-animationType=\"fadeInDown\" data-animationOffset=\"top-into-view\" target=\"_self\" title=\"Book online!\" aria-label=\"Book online!\" href=\"https:\/\/garpen.se\/en\/bo-uppleva\/book-online\/\"><span class=\"fusion-button-icon-divider button-icon-divider-left\"><i class=\" fa fa-bed awb-button__icon awb-button__icon--default\" aria-hidden=\"true\"><\/i><\/span><span class=\"fusion-button-text awb-button__text awb-button__text--default fusion-button-text-left\">Book online!<\/span><\/a><\/div><\/div><\/div><div id=\"facebook-like-widget-3\" class=\"widget facebook_like\"><div class=\"heading\"><h4 class=\"widget-title\">Find us on Facebook<\/h4><\/div>\n\t\t\t\t\t\t\t\t\t\t\t\t<script>\n\t\t\t\n\t\t\t\t\twindow.fbAsyncInit = function() {\n\t\t\t\t\t\tfusion_resize_page_widget();\n\n\t\t\t\t\t\tjQuery( window ).on( 'resize', function() {\n\t\t\t\t\t\t\tfusion_resize_page_widget();\n\t\t\t\t\t\t});\n\n\t\t\t\t\t\tfunction fusion_resize_page_widget() {\n\t\t\t\t\t\t\tvar availableSpace     = jQuery( '.facebook-like-widget-3' ).width(),\n\t\t\t\t\t\t\t\tlastAvailableSPace = jQuery( '.facebook-like-widget-3 .fb-page' ).attr( 'data-width' ),\n\t\t\t\t\t\t\t\tmaxWidth           = 268;\n\n\t\t\t\t\t\t\tif ( 1 > availableSpace ) {\n\t\t\t\t\t\t\t\tavailableSpace = maxWidth;\n\t\t\t\t\t\t\t}\n\n\t\t\t\t\t\t\tif ( availableSpace != lastAvailableSPace && availableSpace != maxWidth ) {\n\t\t\t\t\t\t\t\tif ( maxWidth < availableSpace ) {\n\t\t\t\t\t\t\t\t\tavailableSpace = maxWidth;\n\t\t\t\t\t\t\t\t}\n\t\t\t\t\t\t\t\tjQuery('.facebook-like-widget-3 .fb-page' ).attr( 'data-width', Math.floor( availableSpace ) );\n\t\t\t\t\t\t\t\tif ( 'undefined' !== typeof FB ) {\n\t\t\t\t\t\t\t\t\tFB.XFBML.parse();\n\t\t\t\t\t\t\t\t}\n\t\t\t\t\t\t\t}\n\t\t\t\t\t\t}\n\t\t\t\t\t};\n\n\t\t\t\t\t( function( d, s, id ) {\n\t\t\t\t\t\tvar js,\n\t\t\t\t\t\t\tfjs = d.getElementsByTagName( s )[0];\n\t\t\t\t\t\tif ( d.getElementById( id ) ) {\n\t\t\t\t\t\t\treturn;\n\t\t\t\t\t\t}\n\t\t\t\t\t\tjs     = d.createElement( s );\n\t\t\t\t\t\tjs.id  = id;\n\t\t\t\t\t\tjs.src = \"https:\/\/connect.facebook.net\/en_US\/sdk.js#xfbml=1&version=v8.0&appId=\";\n\t\t\t\t\t\tfjs.parentNode.insertBefore( js, fjs );\n\t\t\t\t\t}( document, 'script', 'facebook-jssdk' ) );\n\n\t\t\t\t\t\t\t<\/script>\n\t\t\t\n\t\t\t<div class=\"fb-like-box-container facebook-like-widget-3\" id=\"fb-root\">\n\t\t\t\t<div class=\"fb-page\" data-href=\"https:\/\/www.facebook.com\/GarpensFyr\/\" data-original-width=\"268\" data-width=\"268\" data-adapt-container-width=\"true\" data-small-header=\"true\" data-height=\"540\" data-hide-cover=\"false\" data-show-facepile=\"true\" data-tabs=\"timeline\"><\/div>\n\t\t\t<\/div>\n\t\t\t<\/div><div class=\"fusion-additional-widget-content\"><\/div><\/div><div class=\"fusion-clearfix\"><\/div><\/div><\/div><div class=\"fusion-layout-column fusion_builder_column fusion-builder-column-1 fusion_builder_column_3_4 3_4 fusion-three-fourth fusion-column-last\" style=\"--awb-bg-size:cover;width:75%;width:calc(75% - ( ( 4% ) * 0.75 ) );\"><div class=\"fusion-column-wrapper fusion-flex-column-wrapper-legacy\"><div class=\"fusion-title title fusion-title-1 fusion-title-text fusion-title-size-one\"><h1 class=\"fusion-title-heading title-heading-left fusion-responsive-typography-calculated\" style=\"margin:0;--fontSize:34;line-height:1.2;\"><h1>Boat to Garpen<\/h1><\/h1><span class=\"awb-title-spacer\"><\/span><div class=\"title-sep-container\"><div class=\"title-sep sep-double sep-solid\" style=\"border-color:#a1daf7;\"><\/div><\/div><\/div><div class=\"fusion-text fusion-text-1\" style=\"--awb-text-transform:none;\"><h4><img decoding=\"async\" class=\"alignright size-full wp-image-1335\" src=\"http:\/\/garpen.se\/wordpress\/wp-content\/uploads\/2018\/01\/aka-till-garpen-01.jpg\" alt=\"\u00c5ka till Garpen\" width=\"350\" height=\"450\" srcset=\"https:\/\/garpen.se\/wordpress\/wp-content\/uploads\/2018\/01\/aka-till-garpen-01-200x257.jpg 200w, https:\/\/garpen.se\/wordpress\/wp-content\/uploads\/2018\/01\/aka-till-garpen-01-233x300.jpg 233w, https:\/\/garpen.se\/wordpress\/wp-content\/uploads\/2018\/01\/aka-till-garpen-01.jpg 350w\" sizes=\"(max-width: 350px) 100vw, 350px\" \/>Timetable from June 26 to August 17, 2025<\/h4>\n<p>The boat departs from Bergkvara Marina and the trip to the island takes about 15 minutes. Prebook your tickets (<strong>round-trip<\/strong>) online by selecting the departure time TO the island. Once on the island, you deceide when you want to go back.<\/p>\n<pre id=\"tw-target-text\" class=\"tw-data-text tw-text-large tw-ta\" dir=\"ltr\" data-placeholder=\"\u00d6vers\u00e4ttning\" data-ved=\"2ahUKEwjz6rau4PyLAxXNHhAIHdXkC8cQ3ewLegQICRAW\" aria-label=\"\u00d6versatt text: round-trip\"><\/pre>\n<div class=\"fusion-button-wrapper\"><a class=\"fusion-button button-flat fusion-button-default-size button-default fusion-button-default button-2 fusion-button-span-no fusion-button-default-type knapp-biljett\" target=\"_blank\" rel=\"noopener noreferrer\" title=\"Book boat tickets online!\" aria-label=\"Book boat tickets online!\" href=\"https:\/\/www.nortic.se\/ticket\/event\/66824?language=en\"><span class=\"fusion-button-icon-divider button-icon-divider-left\"><i class=\"fa-ticket-alt fas awb-button__icon awb-button__icon--default\" aria-hidden=\"true\"><\/i><\/span><span class=\"fusion-button-text awb-button__text awb-button__text--default fusion-button-text-left\">Book boat tickets online!<\/span><\/a><\/div>\n<p><strong>To Garpen (Thursday-Sunday)<\/strong><br \/>\n10 am<br \/>\n10:30 am (extra tour)<br \/>\n11 am<br \/>\n12:30 pm (extra tour)<br \/>\n1 pm<br \/>\n3 pm (overnight stays)<\/p>\n<p><strong>From Garpen (Thursday-Sunday)<\/strong><br \/>\n10:15 am<br \/>\n10:45 am (extra tour)<br \/>\n11:15 am<br \/>\n12:45 pm (extra tour)<br \/>\n1:15 pm<br \/>\n3:15 pm<\/p>\n<h3>Prices (return journey)<\/h3>\n<ul>\n<li>Child 0-1 year: <strong>40 SEK<\/strong><\/li>\n<li>Child 2-12 years: <strong>95 SEK<\/strong><\/li>\n<li>Adult (from the age of 13): <strong>165 SEK<\/strong><br \/>\n<em>(All tickets, including service fee, 15 SEK)<\/em><\/li>\n<\/ul>\n<h3>Information<\/h3>\n<ul>\n<li>Life Jacket on board.<\/li>\n<li>Times are subject to change dependent upon unforeseen weather conditions.<\/li>\n<li>If the whole island is pre-booked, the daily departures to Garpen are cancelled.<\/li>\n<\/ul>\n<\/div><div class=\"fusion-sep-clear\"><\/div><div class=\"fusion-separator fusion-full-width-sep\" style=\"margin-left: auto;margin-right: auto;margin-top:5%;width:100%;\"><\/div><div class=\"fusion-sep-clear\"><\/div><div class=\"awb-gallery-wrapper awb-gallery-wrapper-1 button-span-no\" style=\"--more-btn-alignment:center;\"><div style=\"margin:-5px;--awb-bordersize:0px;\" class=\"fusion-gallery fusion-gallery-container fusion-grid-3 fusion-columns-total-3 fusion-gallery-layout-grid fusion-gallery-1\"><div style=\"padding:5px;\" class=\"fusion-grid-column fusion-gallery-column fusion-gallery-column-3 hover-type-zoomin\"><div class=\"fusion-gallery-image\"><a href=\"https:\/\/garpen.se\/wordpress\/wp-content\/uploads\/2025\/01\/garpen-aka-till-garpen-04.jpg\" data-title=\"garpen-aka-till-garpen-04\" title=\"garpen-aka-till-garpen-04\" rel=\"noreferrer\" data-rel=\"iLightbox[gallery_image_1]\" class=\"fusion-lightbox\" target=\"_self\"><img decoding=\"async\" src=\"https:\/\/garpen.se\/wordpress\/wp-content\/uploads\/2025\/01\/garpen-aka-till-garpen-04-460x295.jpg\" width=\"460\" height=\"295\" alt=\"Garpens Fyr - \u00c5ka till Garpen\" title=\"garpen-aka-till-garpen-04\" aria-label=\"garpen-aka-till-garpen-04\" class=\"img-responsive wp-image-2316 fusion-gallery-image-size-fixed\"  \/><\/a><\/div><\/div><div style=\"padding:5px;\" class=\"fusion-grid-column fusion-gallery-column fusion-gallery-column-3 hover-type-zoomin\"><div class=\"fusion-gallery-image\"><a href=\"https:\/\/garpen.se\/wordpress\/wp-content\/uploads\/2020\/01\/B\u00e5tar.jpg\" data-title=\"B\u00e5tar\" title=\"B\u00e5tar\" rel=\"noreferrer\" data-rel=\"iLightbox[gallery_image_1]\" class=\"fusion-lightbox\" target=\"_self\"><img decoding=\"async\" src=\"https:\/\/garpen.se\/wordpress\/wp-content\/uploads\/2020\/01\/B\u00e5tar-460x295.jpg\" width=\"460\" height=\"295\" alt=\"\" title=\"B\u00e5tar\" aria-label=\"B\u00e5tar\" class=\"img-responsive wp-image-1821 fusion-gallery-image-size-fixed\"  \/><\/a><\/div><\/div><div style=\"padding:5px;\" class=\"fusion-grid-column fusion-gallery-column fusion-gallery-column-3 hover-type-zoomin\"><div class=\"fusion-gallery-image\"><a href=\"https:\/\/garpen.se\/wordpress\/wp-content\/uploads\/2018\/01\/aka-till-garpen-03.jpg\" data-title=\"\u00c5ka till Garpen\" title=\"\u00c5ka till Garpen\" rel=\"noreferrer\" data-rel=\"iLightbox[gallery_image_1]\" class=\"fusion-lightbox\" target=\"_self\"><img decoding=\"async\" src=\"https:\/\/garpen.se\/wordpress\/wp-content\/uploads\/2018\/01\/aka-till-garpen-03-460x295.jpg\" width=\"460\" height=\"295\" alt=\"\" title=\"\u00c5ka till Garpen\" aria-label=\"\u00c5ka till Garpen\" class=\"img-responsive wp-image-1459 fusion-gallery-image-size-fixed\"  \/><\/a><\/div><\/div><div class=\"clearfix\"><\/div><\/div><\/div><div class=\"fusion-sep-clear\"><\/div><div class=\"fusion-separator fusion-full-width-sep\" style=\"margin-left: auto;margin-right: auto;margin-bottom:5%;width:100%;\"><\/div><div class=\"fusion-sep-clear\"><\/div><div class=\"fusion-clearfix\"><\/div><\/div><\/div><div class=\"fusion-layout-column fusion_builder_column fusion-builder-column-2 fusion_builder_column_1_4 1_4 fusion-one-fourth fusion-column-first fusion-no-medium-visibility fusion-no-large-visibility\" style=\"--awb-bg-size:cover;width:25%;width:calc(25% - ( ( 4% ) * 0.25 ) );margin-right: 4%;\"><div class=\"fusion-column-wrapper fusion-flex-column-wrapper-legacy\"><div class=\"fusion-widget-area awb-widget-area-element fusion-widget-area-2 fusion-content-widget-area\" style=\"--awb-title-size:18px;--awb-title-color:#333333;--awb-padding:0px 0px 0px 0px;\"><div id=\"custom_html-7\" class=\"widget_text widget widget_custom_html\" style=\"border-style: solid;border-color:transparent;border-width:0px;\"><div class=\"heading\"><h4 class=\"widget-title\">Bed &#038; Breakfast<\/h4><\/div><div class=\"textwidget custom-html-widget\"><div class=\"fusion-align-block\"><a class=\"fusion-button button-flat fusion-button-default-size button-default fusion-button-default button-3 fusion-button-default-span fusion-button-default-type fusion-animated\" style=\"width:calc(100%);\" data-animationType=\"fadeInDown\" data-animationOffset=\"top-into-view\" target=\"_self\" title=\"Book online!\" aria-label=\"Book online!\" href=\"https:\/\/garpen.se\/en\/bo-uppleva\/book-online\/\"><span class=\"fusion-button-icon-divider button-icon-divider-left\"><i class=\" fa fa-bed awb-button__icon awb-button__icon--default\" aria-hidden=\"true\"><\/i><\/span><span class=\"fusion-button-text awb-button__text awb-button__text--default fusion-button-text-left\">Book online!<\/span><\/a><\/div><\/div><\/div><div id=\"facebook-like-widget-3\" class=\"widget facebook_like\"><div class=\"heading\"><h4 class=\"widget-title\">Find us on Facebook<\/h4><\/div>\n\t\t\t\t\t\t\t\t\t\t\t\t<script>\n\t\t\t\n\t\t\t\t\twindow.fbAsyncInit = function() {\n\t\t\t\t\t\tfusion_resize_page_widget();\n\n\t\t\t\t\t\tjQuery( window ).on( 'resize', function() {\n\t\t\t\t\t\t\tfusion_resize_page_widget();\n\t\t\t\t\t\t});\n\n\t\t\t\t\t\tfunction fusion_resize_page_widget() {\n\t\t\t\t\t\t\tvar availableSpace     = jQuery( '.facebook-like-widget-3' ).width(),\n\t\t\t\t\t\t\t\tlastAvailableSPace = jQuery( '.facebook-like-widget-3 .fb-page' ).attr( 'data-width' ),\n\t\t\t\t\t\t\t\tmaxWidth           = 268;\n\n\t\t\t\t\t\t\tif ( 1 > availableSpace ) {\n\t\t\t\t\t\t\t\tavailableSpace = maxWidth;\n\t\t\t\t\t\t\t}\n\n\t\t\t\t\t\t\tif ( availableSpace != lastAvailableSPace && availableSpace != maxWidth ) {\n\t\t\t\t\t\t\t\tif ( maxWidth < availableSpace ) {\n\t\t\t\t\t\t\t\t\tavailableSpace = maxWidth;\n\t\t\t\t\t\t\t\t}\n\t\t\t\t\t\t\t\tjQuery('.facebook-like-widget-3 .fb-page' ).attr( 'data-width', Math.floor( availableSpace ) );\n\t\t\t\t\t\t\t\tif ( 'undefined' !== typeof FB ) {\n\t\t\t\t\t\t\t\t\tFB.XFBML.parse();\n\t\t\t\t\t\t\t\t}\n\t\t\t\t\t\t\t}\n\t\t\t\t\t\t}\n\t\t\t\t\t};\n\n\t\t\t\t\t( function( d, s, id ) {\n\t\t\t\t\t\tvar js,\n\t\t\t\t\t\t\tfjs = d.getElementsByTagName( s )[0];\n\t\t\t\t\t\tif ( d.getElementById( id ) ) {\n\t\t\t\t\t\t\treturn;\n\t\t\t\t\t\t}\n\t\t\t\t\t\tjs     = d.createElement( s );\n\t\t\t\t\t\tjs.id  = id;\n\t\t\t\t\t\tjs.src = \"https:\/\/connect.facebook.net\/en_US\/sdk.js#xfbml=1&version=v8.0&appId=\";\n\t\t\t\t\t\tfjs.parentNode.insertBefore( js, fjs );\n\t\t\t\t\t}( document, 'script', 'facebook-jssdk' ) );\n\n\t\t\t\t\t\t\t<\/script>\n\t\t\t\n\t\t\t<div class=\"fb-like-box-container facebook-like-widget-3\" id=\"fb-root\">\n\t\t\t\t<div class=\"fb-page\" data-href=\"https:\/\/www.facebook.com\/GarpensFyr\/\" data-original-width=\"268\" data-width=\"268\" data-adapt-container-width=\"true\" data-small-header=\"true\" data-height=\"540\" data-hide-cover=\"false\" data-show-facepile=\"true\" data-tabs=\"timeline\"><\/div>\n\t\t\t<\/div>\n\t\t\t<\/div><div class=\"fusion-additional-widget-content\"><\/div><\/div><div class=\"fusion-clearfix\"><\/div><\/div><\/div><\/div><\/div>\n","protected":false},"excerpt":{"rendered":"","protected":false},"author":1,"featured_media":0,"parent":0,"menu_order":0,"comment_status":"closed","ping_status":"closed","template":"100-width.php","meta":{"footnotes":""},"class_list":["post-1407","page","type-page","status-publish","hentry"],"yoast_head":"<!-- This site is optimized with the Yoast SEO plugin v27.5 - https:\/\/yoast.com\/product\/yoast-seo-wordpress\/ -->\n<title>\u00c5ka till Garpen med b\u00e5t f\u00f6r en dagsutflykt, eller \u00f6vernattaning<\/title>\n<meta name=\"description\" content=\"V\u00e4lkommen till Garpen! Hit kan du \u00e5ka f\u00f6r en dagsutflykt, \u00f6vernatta eller varf\u00f6r inte hyra hela \u00f6n? Den unika och kulturhistoriska milj\u00f6n ger dig en alldeles s\u00e4rskild upplevelse ut\u00f6ver det vanliga. Garpens fyrplats \u00e4r \u00f6ppen fr\u00e5n maj till september.\" \/>\n<meta name=\"robots\" content=\"index, follow, max-snippet:-1, max-image-preview:large, max-video-preview:-1\" \/>\n<link rel=\"canonical\" href=\"https:\/\/garpen.se\/en\/aka-till-garpen\/\" \/>\n<meta property=\"og:locale\" content=\"en_US\" \/>\n<meta property=\"og:type\" content=\"article\" \/>\n<meta property=\"og:title\" content=\"\u00c5ka till Garpen med b\u00e5t f\u00f6r en dagsutflykt, eller \u00f6vernattaning\" \/>\n<meta property=\"og:description\" content=\"V\u00e4lkommen till Garpen! Hit kan du \u00e5ka f\u00f6r en dagsutflykt, \u00f6vernatta eller varf\u00f6r inte hyra hela \u00f6n? Den unika och kulturhistoriska milj\u00f6n ger dig en alldeles s\u00e4rskild upplevelse ut\u00f6ver det vanliga. Garpens fyrplats \u00e4r \u00f6ppen fr\u00e5n maj till september.\" \/>\n<meta property=\"og:url\" content=\"https:\/\/garpen.se\/en\/aka-till-garpen\/\" \/>\n<meta property=\"og:site_name\" content=\"Garpens fyrplats\" \/>\n<meta property=\"article:publisher\" content=\"https:\/\/web.facebook.com\/GarpensFyr\/\" \/>\n<meta property=\"article:modified_time\" content=\"2025-03-11T14:32:11+00:00\" \/>\n<meta property=\"og:image\" content=\"https:\/\/garpen.se\/wordpress\/wp-content\/uploads\/2018\/01\/aka-till-garpen-01.jpg\" \/>\n\t<meta property=\"og:image:width\" content=\"350\" \/>\n\t<meta property=\"og:image:height\" content=\"450\" \/>\n\t<meta property=\"og:image:type\" content=\"image\/jpeg\" \/>\n<meta name=\"twitter:card\" content=\"summary_large_image\" \/>\n<meta name=\"twitter:label1\" content=\"Est. reading time\" \/>\n\t<meta name=\"twitter:data1\" content=\"2 minutes\" \/>\n<script type=\"application\/ld+json\" class=\"yoast-schema-graph\">{\"@context\":\"https:\\\/\\\/schema.org\",\"@graph\":[{\"@type\":\"WebPage\",\"@id\":\"https:\\\/\\\/garpen.se\\\/en\\\/aka-till-garpen\\\/\",\"url\":\"https:\\\/\\\/garpen.se\\\/en\\\/aka-till-garpen\\\/\",\"name\":\"\u00c5ka till Garpen med b\u00e5t f\u00f6r en dagsutflykt, eller \u00f6vernattaning\",\"isPartOf\":{\"@id\":\"https:\\\/\\\/garpen.se\\\/en\\\/#website\"},\"primaryImageOfPage\":{\"@id\":\"https:\\\/\\\/garpen.se\\\/en\\\/aka-till-garpen\\\/#primaryimage\"},\"image\":{\"@id\":\"https:\\\/\\\/garpen.se\\\/en\\\/aka-till-garpen\\\/#primaryimage\"},\"thumbnailUrl\":\"http:\\\/\\\/garpen.se\\\/wordpress\\\/wp-content\\\/uploads\\\/2018\\\/01\\\/aka-till-garpen-01.jpg\",\"datePublished\":\"2015-12-04T02:08:42+00:00\",\"dateModified\":\"2025-03-11T14:32:11+00:00\",\"description\":\"V\u00e4lkommen till Garpen! Hit kan du \u00e5ka f\u00f6r en dagsutflykt, \u00f6vernatta eller varf\u00f6r inte hyra hela \u00f6n? Den unika och kulturhistoriska milj\u00f6n ger dig en alldeles s\u00e4rskild upplevelse ut\u00f6ver det vanliga. Garpens fyrplats \u00e4r \u00f6ppen fr\u00e5n maj till september.\",\"breadcrumb\":{\"@id\":\"https:\\\/\\\/garpen.se\\\/en\\\/aka-till-garpen\\\/#breadcrumb\"},\"inLanguage\":\"en-US\",\"potentialAction\":[{\"@type\":\"ReadAction\",\"target\":[\"https:\\\/\\\/garpen.se\\\/en\\\/aka-till-garpen\\\/\"]}]},{\"@type\":\"ImageObject\",\"inLanguage\":\"en-US\",\"@id\":\"https:\\\/\\\/garpen.se\\\/en\\\/aka-till-garpen\\\/#primaryimage\",\"url\":\"http:\\\/\\\/garpen.se\\\/wordpress\\\/wp-content\\\/uploads\\\/2018\\\/01\\\/aka-till-garpen-01.jpg\",\"contentUrl\":\"http:\\\/\\\/garpen.se\\\/wordpress\\\/wp-content\\\/uploads\\\/2018\\\/01\\\/aka-till-garpen-01.jpg\"},{\"@type\":\"BreadcrumbList\",\"@id\":\"https:\\\/\\\/garpen.se\\\/en\\\/aka-till-garpen\\\/#breadcrumb\",\"itemListElement\":[{\"@type\":\"ListItem\",\"position\":1,\"name\":\"Hem\",\"item\":\"https:\\\/\\\/garpen.se\\\/en\\\/\"},{\"@type\":\"ListItem\",\"position\":2,\"name\":\"Boat to Garpen\"}]},{\"@type\":\"WebSite\",\"@id\":\"https:\\\/\\\/garpen.se\\\/en\\\/#website\",\"url\":\"https:\\\/\\\/garpen.se\\\/en\\\/\",\"name\":\"Garpens fyrplats\",\"description\":\"En magisk plats i Kalmarsund!\",\"potentialAction\":[{\"@type\":\"SearchAction\",\"target\":{\"@type\":\"EntryPoint\",\"urlTemplate\":\"https:\\\/\\\/garpen.se\\\/en\\\/?s={search_term_string}\"},\"query-input\":{\"@type\":\"PropertyValueSpecification\",\"valueRequired\":true,\"valueName\":\"search_term_string\"}}],\"inLanguage\":\"en-US\"}]}<\/script>\n<!-- \/ Yoast SEO plugin. -->","yoast_head_json":{"title":"\u00c5ka till Garpen med b\u00e5t f\u00f6r en dagsutflykt, eller \u00f6vernattaning","description":"V\u00e4lkommen till Garpen! Hit kan du \u00e5ka f\u00f6r en dagsutflykt, \u00f6vernatta eller varf\u00f6r inte hyra hela \u00f6n? Den unika och kulturhistoriska milj\u00f6n ger dig en alldeles s\u00e4rskild upplevelse ut\u00f6ver det vanliga. Garpens fyrplats \u00e4r \u00f6ppen fr\u00e5n maj till september.","robots":{"index":"index","follow":"follow","max-snippet":"max-snippet:-1","max-image-preview":"max-image-preview:large","max-video-preview":"max-video-preview:-1"},"canonical":"https:\/\/garpen.se\/en\/aka-till-garpen\/","og_locale":"en_US","og_type":"article","og_title":"\u00c5ka till Garpen med b\u00e5t f\u00f6r en dagsutflykt, eller \u00f6vernattaning","og_description":"V\u00e4lkommen till Garpen! Hit kan du \u00e5ka f\u00f6r en dagsutflykt, \u00f6vernatta eller varf\u00f6r inte hyra hela \u00f6n? Den unika och kulturhistoriska milj\u00f6n ger dig en alldeles s\u00e4rskild upplevelse ut\u00f6ver det vanliga. Garpens fyrplats \u00e4r \u00f6ppen fr\u00e5n maj till september.","og_url":"https:\/\/garpen.se\/en\/aka-till-garpen\/","og_site_name":"Garpens fyrplats","article_publisher":"https:\/\/web.facebook.com\/GarpensFyr\/","article_modified_time":"2025-03-11T14:32:11+00:00","og_image":[{"width":350,"height":450,"url":"https:\/\/garpen.se\/wordpress\/wp-content\/uploads\/2018\/01\/aka-till-garpen-01.jpg","type":"image\/jpeg"}],"twitter_card":"summary_large_image","twitter_misc":{"Est. reading time":"2 minutes"},"schema":{"@context":"https:\/\/schema.org","@graph":[{"@type":"WebPage","@id":"https:\/\/garpen.se\/en\/aka-till-garpen\/","url":"https:\/\/garpen.se\/en\/aka-till-garpen\/","name":"\u00c5ka till Garpen med b\u00e5t f\u00f6r en dagsutflykt, eller \u00f6vernattaning","isPartOf":{"@id":"https:\/\/garpen.se\/en\/#website"},"primaryImageOfPage":{"@id":"https:\/\/garpen.se\/en\/aka-till-garpen\/#primaryimage"},"image":{"@id":"https:\/\/garpen.se\/en\/aka-till-garpen\/#primaryimage"},"thumbnailUrl":"http:\/\/garpen.se\/wordpress\/wp-content\/uploads\/2018\/01\/aka-till-garpen-01.jpg","datePublished":"2015-12-04T02:08:42+00:00","dateModified":"2025-03-11T14:32:11+00:00","description":"V\u00e4lkommen till Garpen! Hit kan du \u00e5ka f\u00f6r en dagsutflykt, \u00f6vernatta eller varf\u00f6r inte hyra hela \u00f6n? Den unika och kulturhistoriska milj\u00f6n ger dig en alldeles s\u00e4rskild upplevelse ut\u00f6ver det vanliga. Garpens fyrplats \u00e4r \u00f6ppen fr\u00e5n maj till september.","breadcrumb":{"@id":"https:\/\/garpen.se\/en\/aka-till-garpen\/#breadcrumb"},"inLanguage":"en-US","potentialAction":[{"@type":"ReadAction","target":["https:\/\/garpen.se\/en\/aka-till-garpen\/"]}]},{"@type":"ImageObject","inLanguage":"en-US","@id":"https:\/\/garpen.se\/en\/aka-till-garpen\/#primaryimage","url":"http:\/\/garpen.se\/wordpress\/wp-content\/uploads\/2018\/01\/aka-till-garpen-01.jpg","contentUrl":"http:\/\/garpen.se\/wordpress\/wp-content\/uploads\/2018\/01\/aka-till-garpen-01.jpg"},{"@type":"BreadcrumbList","@id":"https:\/\/garpen.se\/en\/aka-till-garpen\/#breadcrumb","itemListElement":[{"@type":"ListItem","position":1,"name":"Hem","item":"https:\/\/garpen.se\/en\/"},{"@type":"ListItem","position":2,"name":"Boat to Garpen"}]},{"@type":"WebSite","@id":"https:\/\/garpen.se\/en\/#website","url":"https:\/\/garpen.se\/en\/","name":"Garpens fyrplats","description":"En magisk plats i Kalmarsund!","potentialAction":[{"@type":"SearchAction","target":{"@type":"EntryPoint","urlTemplate":"https:\/\/garpen.se\/en\/?s={search_term_string}"},"query-input":{"@type":"PropertyValueSpecification","valueRequired":true,"valueName":"search_term_string"}}],"inLanguage":"en-US"}]}},"_links":{"self":[{"href":"https:\/\/garpen.se\/en\/wp-json\/wp\/v2\/pages\/1407","targetHints":{"allow":["GET"]}}],"collection":[{"href":"https:\/\/garpen.se\/en\/wp-json\/wp\/v2\/pages"}],"about":[{"href":"https:\/\/garpen.se\/en\/wp-json\/wp\/v2\/types\/page"}],"author":[{"embeddable":true,"href":"https:\/\/garpen.se\/en\/wp-json\/wp\/v2\/users\/1"}],"replies":[{"embeddable":true,"href":"https:\/\/garpen.se\/en\/wp-json\/wp\/v2\/comments?post=1407"}],"version-history":[{"count":35,"href":"https:\/\/garpen.se\/en\/wp-json\/wp\/v2\/pages\/1407\/revisions"}],"predecessor-version":[{"id":2351,"href":"https:\/\/garpen.se\/en\/wp-json\/wp\/v2\/pages\/1407\/revisions\/2351"}],"wp:attachment":[{"href":"https:\/\/garpen.se\/en\/wp-json\/wp\/v2\/media?parent=1407"}],"curies":[{"name":"wp","href":"https:\/\/api.w.org\/{rel}","templated":true}]}}